{"id":520,"date":"2024-05-17T10:22:30","date_gmt":"2024-05-17T08:22:30","guid":{"rendered":"https:\/\/staging.aniterra.ch\/preparation-du-controle\/biodiversite\/"},"modified":"2025-12-30T14:08:56","modified_gmt":"2025-12-30T13:08:56","slug":"biodiversite","status":"publish","type":"page","link":"https:\/\/aniterra.ch\/fr\/preparation-du-controle\/biodiversite\/","title":{"rendered":"Paiements directs"},"content":{"rendered":"[vc_row type=\u00a0\u00bbin_container\u00a0\u00bb full_screen_row_position=\u00a0\u00bbmiddle\u00a0\u00bb column_margin=\u00a0\u00bbdefault\u00a0\u00bb column_direction=\u00a0\u00bbdefault\u00a0\u00bb column_direction_tablet=\u00a0\u00bbdefault\u00a0\u00bb column_direction_phone=\u00a0\u00bbdefault\u00a0\u00bb scene_position=\u00a0\u00bbcenter\u00a0\u00bb bottom_padding=\u00a0\u00bb50&Prime; text_color=\u00a0\u00bbdark\u00a0\u00bb text_align=\u00a0\u00bbleft\u00a0\u00bb row_border_radius=\u00a0\u00bbnone\u00a0\u00bb row_border_radius_applies=\u00a0\u00bbbg\u00a0\u00bb row_position_desktop=\u00a0\u00bbdefault\u00a0\u00bb row_position_tablet=\u00a0\u00bbinherit\u00a0\u00bb row_position_phone=\u00a0\u00bbinherit\u00a0\u00bb overflow=\u00a0\u00bbvisible\u00a0\u00bb overlay_strength=\u00a0\u00bb0.3&Prime; gradient_direction=\u00a0\u00bbleft_to_right\u00a0\u00bb shape_divider_position=\u00a0\u00bbbottom\u00a0\u00bb bg_image_animation=\u00a0\u00bbnone\u00a0\u00bb gradient_type=\u00a0\u00bbdefault\u00a0\u00bb shape_type=\u00a0\u00bb\u00a0\u00bb][vc_column column_padding=\u00a0\u00bbno-extra-padding\u00a0\u00bb column_padding_tablet=\u00a0\u00bbinherit\u00a0\u00bb column_padding_phone=\u00a0\u00bbinherit\u00a0\u00bb column_padding_position=\u00a0\u00bball\u00a0\u00bb flex_gap_desktop=\u00a0\u00bb10px\u00a0\u00bb column_element_direction_desktop=\u00a0\u00bbdefault\u00a0\u00bb column_element_spacing=\u00a0\u00bbdefault\u00a0\u00bb desktop_text_alignment=\u00a0\u00bbdefault\u00a0\u00bb tablet_text_alignment=\u00a0\u00bbdefault\u00a0\u00bb phone_text_alignment=\u00a0\u00bbdefault\u00a0\u00bb background_color_opacity=\u00a0\u00bb1&Prime; background_hover_color_opacity=\u00a0\u00bb1&Prime; column_backdrop_filter=\u00a0\u00bbnone\u00a0\u00bb column_shadow=\u00a0\u00bbnone\u00a0\u00bb column_border_radius=\u00a0\u00bbnone\u00a0\u00bb column_link_target=\u00a0\u00bb_self\u00a0\u00bb column_position=\u00a0\u00bbdefault\u00a0\u00bb gradient_direction=\u00a0\u00bbleft_to_right\u00a0\u00bb overlay_strength=\u00a0\u00bb0.3&Prime; width=\u00a0\u00bb1\/1&Prime; tablet_width_inherit=\u00a0\u00bbdefault\u00a0\u00bb animation_type=\u00a0\u00bbdefault\u00a0\u00bb bg_image_animation=\u00a0\u00bbnone\u00a0\u00bb border_type=\u00a0\u00bbsimple\u00a0\u00bb column_border_width=\u00a0\u00bbnone\u00a0\u00bb column_border_style=\u00a0\u00bbsolid\u00a0\u00bb][vc_column_text css=\u00a0\u00bb\u00a0\u00bb text_direction=\u00a0\u00bbdefault\u00a0\u00bb]\n<h1>Paiements directs<\/h1>\n<h3>R\u00e8glement<\/h3>\n<p><a href=\"https:\/\/aniterra.ch\/documents\/paiements-directs-ordonnance-sur-les-paiements-directs.pdf\" target=\"_blank\" rel=\"noopener\">Ordonnance sur les paiements directs avec instructions<\/a><\/p>\n<h3>Points de contr\u00f4le 2026<\/h3>\n<p><a href=\"https:\/\/aniterra.ch\/documents\/paiements-directs-points-cibles-per.pdf\" target=\"_blank\" rel=\"noopener\">Points de contr\u00f4le<\/a><br \/>\n<a href=\"https:\/\/aniterra.ch\/documents\/paiements-directs-points-de-controle-estivage%20.pdf\" target=\"_blank\" rel=\"noopener\">Points de contr\u00f4le de l&rsquo;estivage<\/a><br \/>\n<a href=\"https:\/\/aniterra.ch\/documents\/paiements-directs-points-cibles-bien-etre-animal-sst.pdf\" target=\"_blank\" rel=\"noopener\">Points de contr\u00f4le du bien-\u00eatre animal SST<\/a><br \/>\n<a href=\"https:\/\/aniterra.ch\/documents\/paiements-directs-points-cibles-bien-etre-animal-srpa.pdf\" target=\"_blank\" rel=\"noopener\">Points de contr\u00f4le Bien-\u00eatre animal SRPA<\/a><br \/>\n<a href=\"https:\/\/aniterra.ch\/documents\/paiements-directs-points-paturages.pdf\" target=\"_blank\" rel=\"noopener\">Points de contr\u00f4le Bien-\u00eatre animal Contribution au p\u00e2turage<\/a><\/p>\n<h3>Canton de Lucerne, Uri &amp; Obwald<\/h3>\n<p><a href=\"https:\/\/aniterra.ch\/download\/Kontrollpunkte%20DZ%20Winter.pdf\" target=\"_blank\" rel=\"noopener\">Points de contr\u00f4le DZ hiver<\/a><br \/>\n<a href=\"https:\/\/aniterra.ch\/download\/dz-sommer.pdf\" target=\"_blank\" rel=\"noopener\">Points de contr\u00f4le DZ \u00e9t\u00e9<\/a><\/p>\n<h3>PER<\/h3>\n<p><a href=\"https:\/\/aniterra.ch\/documents\/per-regles-kip.pdf\" target=\"_blank\" rel=\"noopener\">R\u00e8gles KIP<\/a><br \/>\n<a href=\"https:\/\/aniterra.ch\/documents\/per-changements-directives-kip.pdf\" target=\"_blank\" rel=\"noopener\">Changements directives KIP<\/a><br \/>\n<a href=\"https:\/\/aniterra.ch\/documents\/bordures_tampon_fiche_dinformation.pdf\" target=\"_blank\" rel=\"noopener\">Fiche sur les bordures tampons<\/a><br \/>\n<a href=\"https:\/\/aniterra.ch\/documents\/plantes-problematiques.pdf\" target=\"_blank\" rel=\"noopener\">Fiche sur les plantes \u00e0 probl\u00e8mes et l&#8217;embroussaillement<\/a><\/p>\n<h5>Contributions au syst\u00e8me de production<\/h5>\n<p><a href=\"https:\/\/aniterra.ch\/download\/paiv-ackerbau.pdf\" target=\"_blank\" rel=\"noopener\">Grandes cultures<\/a><br \/>\n<a href=\"https:\/\/aniterra.ch\/download\/paiv-dauerkulturen.pdf\" target=\"_blank\" rel=\"noopener\">Cultures p\u00e9rennes<\/a><br \/>\n<a href=\"https:\/\/aniterra.ch\/download\/paiv-gemuesebau.pdf\" target=\"_blank\" rel=\"noopener\">L\u00e9gumes et baies annuelles<\/a><br \/>\n<a href=\"https:\/\/aniterra.ch\/download\/paiv-rindviehhaltung.pdf\" target=\"_blank\" rel=\"noopener\">Production bovine<\/a><\/p>\n<h3>Biodiversit\u00e9<\/h3>\n<h5><strong>G\u00e9n\u00e9ralit\u00e9s<\/strong><\/h5>\n<p><a href=\"https:\/\/aniterra.ch\/documents\/biodiversite-directives-spb.pdf\" target=\"_blank\" rel=\"noopener\">Directives SPB<\/a><\/p>\n<h5><strong>Berne<\/strong><\/h5>\n<p><a href=\"https:\/\/aniterra.ch\/documents\/Contributions-a-la-qualite-du-paysage.pdf\" target=\"_blank\" rel=\"noopener\">Contributions \u00e0 la qualit\u00e9 du paysage manuel de contr\u00f4le Berne<\/a><br \/>\n<a href=\"https:\/\/aniterra.ch\/documents\/manuel-de-controle-utilisation-nature.pdf\" target=\"_blank\" rel=\"noopener\">Contr\u00f4le de l&rsquo;utilisation de la nature Berne<\/a><br \/>\n<a href=\"https:\/\/aniterra.ch\/documents\/biodiversite-mise-en-reseau-manuel-de-controle.pdf\" target=\"_blank\" rel=\"noopener\">Mise en r\u00e9seau manuel de contr\u00f4le<\/a><\/p>\n<h5><strong>Lucerne<\/strong><\/h5>\n<p><a href=\"https:\/\/aniterra.ch\/download\/biodiversitaet-lqb-kontrollhandbuch-luzern.pdf\" target=\"_blank\" rel=\"noopener\">Contributions \u00e0 la qualit\u00e9 du paysage manuel de contr\u00f4le Lucerne<\/a><\/p>\n<h5><strong>Uri<\/strong><\/h5>\n<p><a href=\"https:\/\/aniterra.ch\/download\/biodiversitaet-lqb-kontrollhandbuch-uri.pdf\" target=\"_blank\" rel=\"noopener\">Contributions \u00e0 la qualit\u00e9 du paysage manuel de contr\u00f4le Uri<\/a>[\/vc_column_text][\/vc_column][\/vc_row]\n","protected":false},"excerpt":{"rendered":"<p>[vc_row type=\u00a0\u00bbin_container\u00a0\u00bb full_screen_row_position=\u00a0\u00bbmiddle\u00a0\u00bb column_margin=\u00a0\u00bbdefault\u00a0\u00bb column_direction=\u00a0\u00bbdefault\u00a0\u00bb column_direction_tablet=\u00a0\u00bbdefault\u00a0\u00bb column_direction_phone=\u00a0\u00bbdefault\u00a0\u00bb scene_position=\u00a0\u00bbcenter\u00a0\u00bb bottom_padding=\u00a0\u00bb50&Prime; text_color=\u00a0\u00bbdark\u00a0\u00bb text_align=\u00a0\u00bbleft\u00a0\u00bb row_border_radius=\u00a0\u00bbnone\u00a0\u00bb row_border_radius_applies=\u00a0\u00bbbg\u00a0\u00bb row_position_desktop=\u00a0\u00bbdefault\u00a0\u00bb row_position_tablet=\u00a0\u00bbinherit\u00a0\u00bb row_position_phone=\u00a0\u00bbinherit\u00a0\u00bb overflow=\u00a0\u00bbvisible\u00a0\u00bb overlay_strength=\u00a0\u00bb0.3&Prime; gradient_direction=\u00a0\u00bbleft_to_right\u00a0\u00bb shape_divider_position=\u00a0\u00bbbottom\u00a0\u00bb bg_image_animation=\u00a0\u00bbnone\u00a0\u00bb gradient_type=\u00a0\u00bbdefault\u00a0\u00bb shape_type=\u00a0\u00bb\u00a0\u00bb][vc_column column_padding=\u00a0\u00bbno-extra-padding\u00a0\u00bb column_padding_tablet=\u00a0\u00bbinherit\u00a0\u00bb column_padding_phone=\u00a0\u00bbinherit\u00a0\u00bb column_padding_position=\u00a0\u00bball\u00a0\u00bb flex_gap_desktop=\u00a0\u00bb10px\u00a0\u00bb column_element_direction_desktop=\u00a0\u00bbdefault\u00a0\u00bb column_element_spacing=\u00a0\u00bbdefault\u00a0\u00bb&#8230;<\/p>\n","protected":false},"author":1,"featured_media":0,"parent":484,"menu_order":0,"comment_status":"closed","ping_status":"closed","template":"page-sidebar.php","meta":{"footnotes":""},"class_list":["post-520","page","type-page","status-publish"],"yoast_head":"<!-- This site is optimized with the Yoast SEO plugin v27.4 - https:\/\/yoast.com\/product\/yoast-seo-wordpress\/ -->\n<title>Paiements directs - Aniterra<\/title>\n<meta name=\"robots\" content=\"index, follow, max-snippet:-1, max-image-preview:large, max-video-preview:-1\" \/>\n<link rel=\"canonical\" href=\"https:\/\/aniterra.ch\/fr\/preparation-du-controle\/biodiversite\/\" \/>\n<meta property=\"og:locale\" content=\"fr_FR\" \/>\n<meta property=\"og:type\" content=\"article\" \/>\n<meta property=\"og:title\" content=\"Paiements directs - Aniterra\" \/>\n<meta property=\"og:description\" content=\"[vc_row type=\u00a0\u00bbin_container\u00a0\u00bb full_screen_row_position=\u00a0\u00bbmiddle\u00a0\u00bb column_margin=\u00a0\u00bbdefault\u00a0\u00bb column_direction=\u00a0\u00bbdefault\u00a0\u00bb column_direction_tablet=\u00a0\u00bbdefault\u00a0\u00bb column_direction_phone=\u00a0\u00bbdefault\u00a0\u00bb scene_position=\u00a0\u00bbcenter\u00a0\u00bb bottom_padding=\u00a0\u00bb50&Prime; text_color=\u00a0\u00bbdark\u00a0\u00bb text_align=\u00a0\u00bbleft\u00a0\u00bb row_border_radius=\u00a0\u00bbnone\u00a0\u00bb row_border_radius_applies=\u00a0\u00bbbg\u00a0\u00bb row_position_desktop=\u00a0\u00bbdefault\u00a0\u00bb row_position_tablet=\u00a0\u00bbinherit\u00a0\u00bb row_position_phone=\u00a0\u00bbinherit\u00a0\u00bb overflow=\u00a0\u00bbvisible\u00a0\u00bb overlay_strength=\u00a0\u00bb0.3&Prime; gradient_direction=\u00a0\u00bbleft_to_right\u00a0\u00bb shape_divider_position=\u00a0\u00bbbottom\u00a0\u00bb bg_image_animation=\u00a0\u00bbnone\u00a0\u00bb gradient_type=\u00a0\u00bbdefault\u00a0\u00bb shape_type=\u00a0\u00bb\u00a0\u00bb][vc_column column_padding=\u00a0\u00bbno-extra-padding\u00a0\u00bb column_padding_tablet=\u00a0\u00bbinherit\u00a0\u00bb column_padding_phone=\u00a0\u00bbinherit\u00a0\u00bb column_padding_position=\u00a0\u00bball\u00a0\u00bb flex_gap_desktop=\u00a0\u00bb10px\u00a0\u00bb column_element_direction_desktop=\u00a0\u00bbdefault\u00a0\u00bb column_element_spacing=\u00a0\u00bbdefault\u00a0\u00bb...\" \/>\n<meta property=\"og:url\" content=\"https:\/\/aniterra.ch\/fr\/preparation-du-controle\/biodiversite\/\" \/>\n<meta property=\"og:site_name\" content=\"Aniterra\" \/>\n<meta property=\"article:modified_time\" content=\"2025-12-30T13:08:56+00:00\" \/>\n<meta name=\"twitter:card\" content=\"summary_large_image\" \/>\n<meta name=\"twitter:label1\" content=\"Dur\u00e9e de lecture estim\u00e9e\" \/>\n\t<meta name=\"twitter:data1\" content=\"1 minute\" \/>\n<script type=\"application\/ld+json\" class=\"yoast-schema-graph\">{\"@context\":\"https:\\\/\\\/schema.org\",\"@graph\":[{\"@type\":\"WebPage\",\"@id\":\"https:\\\/\\\/aniterra.ch\\\/fr\\\/preparation-du-controle\\\/biodiversite\\\/\",\"url\":\"https:\\\/\\\/aniterra.ch\\\/fr\\\/preparation-du-controle\\\/biodiversite\\\/\",\"name\":\"Paiements directs - Aniterra\",\"isPartOf\":{\"@id\":\"https:\\\/\\\/aniterra.ch\\\/fr\\\/#website\"},\"datePublished\":\"2024-05-17T08:22:30+00:00\",\"dateModified\":\"2025-12-30T13:08:56+00:00\",\"breadcrumb\":{\"@id\":\"https:\\\/\\\/aniterra.ch\\\/fr\\\/preparation-du-controle\\\/biodiversite\\\/#breadcrumb\"},\"inLanguage\":\"fr-FR\",\"potentialAction\":[{\"@type\":\"ReadAction\",\"target\":[\"https:\\\/\\\/aniterra.ch\\\/fr\\\/preparation-du-controle\\\/biodiversite\\\/\"]}]},{\"@type\":\"BreadcrumbList\",\"@id\":\"https:\\\/\\\/aniterra.ch\\\/fr\\\/preparation-du-controle\\\/biodiversite\\\/#breadcrumb\",\"itemListElement\":[{\"@type\":\"ListItem\",\"position\":1,\"name\":\"Startseite\",\"item\":\"https:\\\/\\\/aniterra.ch\\\/fr\\\/aniterra\\\/\"},{\"@type\":\"ListItem\",\"position\":2,\"name\":\"Pr\u00e9paration au contr\u00f4le\",\"item\":\"https:\\\/\\\/aniterra.ch\\\/fr\\\/preparation-du-controle\\\/\"},{\"@type\":\"ListItem\",\"position\":3,\"name\":\"Paiements directs\"}]},{\"@type\":\"WebSite\",\"@id\":\"https:\\\/\\\/aniterra.ch\\\/fr\\\/#website\",\"url\":\"https:\\\/\\\/aniterra.ch\\\/fr\\\/\",\"name\":\"Aniterra\",\"description\":\"Landwirtschaftliche Kontrollen auf den Punkt.\",\"publisher\":{\"@id\":\"https:\\\/\\\/aniterra.ch\\\/fr\\\/#organization\"},\"potentialAction\":[{\"@type\":\"SearchAction\",\"target\":{\"@type\":\"EntryPoint\",\"urlTemplate\":\"https:\\\/\\\/aniterra.ch\\\/fr\\\/?s={search_term_string}\"},\"query-input\":{\"@type\":\"PropertyValueSpecification\",\"valueRequired\":true,\"valueName\":\"search_term_string\"}}],\"inLanguage\":\"fr-FR\"},{\"@type\":\"Organization\",\"@id\":\"https:\\\/\\\/aniterra.ch\\\/fr\\\/#organization\",\"name\":\"Aniterra SA\",\"url\":\"https:\\\/\\\/aniterra.ch\\\/fr\\\/\",\"logo\":{\"@type\":\"ImageObject\",\"inLanguage\":\"fr-FR\",\"@id\":\"https:\\\/\\\/aniterra.ch\\\/fr\\\/#\\\/schema\\\/logo\\\/image\\\/\",\"url\":\"https:\\\/\\\/aniterra.ch\\\/wp-content\\\/uploads\\\/logo-aniterra-512.jpg\",\"contentUrl\":\"https:\\\/\\\/aniterra.ch\\\/wp-content\\\/uploads\\\/logo-aniterra-512.jpg\",\"width\":512,\"height\":512,\"caption\":\"Aniterra SA\"},\"image\":{\"@id\":\"https:\\\/\\\/aniterra.ch\\\/fr\\\/#\\\/schema\\\/logo\\\/image\\\/\"}}]}<\/script>\n<!-- \/ Yoast SEO plugin. -->","yoast_head_json":{"title":"Paiements directs - Aniterra","robots":{"index":"index","follow":"follow","max-snippet":"max-snippet:-1","max-image-preview":"max-image-preview:large","max-video-preview":"max-video-preview:-1"},"canonical":"https:\/\/aniterra.ch\/fr\/preparation-du-controle\/biodiversite\/","og_locale":"fr_FR","og_type":"article","og_title":"Paiements directs - Aniterra","og_description":"[vc_row type=\u00a0\u00bbin_container\u00a0\u00bb full_screen_row_position=\u00a0\u00bbmiddle\u00a0\u00bb column_margin=\u00a0\u00bbdefault\u00a0\u00bb column_direction=\u00a0\u00bbdefault\u00a0\u00bb column_direction_tablet=\u00a0\u00bbdefault\u00a0\u00bb column_direction_phone=\u00a0\u00bbdefault\u00a0\u00bb scene_position=\u00a0\u00bbcenter\u00a0\u00bb bottom_padding=\u00a0\u00bb50&Prime; text_color=\u00a0\u00bbdark\u00a0\u00bb text_align=\u00a0\u00bbleft\u00a0\u00bb row_border_radius=\u00a0\u00bbnone\u00a0\u00bb row_border_radius_applies=\u00a0\u00bbbg\u00a0\u00bb row_position_desktop=\u00a0\u00bbdefault\u00a0\u00bb row_position_tablet=\u00a0\u00bbinherit\u00a0\u00bb row_position_phone=\u00a0\u00bbinherit\u00a0\u00bb overflow=\u00a0\u00bbvisible\u00a0\u00bb overlay_strength=\u00a0\u00bb0.3&Prime; gradient_direction=\u00a0\u00bbleft_to_right\u00a0\u00bb shape_divider_position=\u00a0\u00bbbottom\u00a0\u00bb bg_image_animation=\u00a0\u00bbnone\u00a0\u00bb gradient_type=\u00a0\u00bbdefault\u00a0\u00bb shape_type=\u00a0\u00bb\u00a0\u00bb][vc_column column_padding=\u00a0\u00bbno-extra-padding\u00a0\u00bb column_padding_tablet=\u00a0\u00bbinherit\u00a0\u00bb column_padding_phone=\u00a0\u00bbinherit\u00a0\u00bb column_padding_position=\u00a0\u00bball\u00a0\u00bb flex_gap_desktop=\u00a0\u00bb10px\u00a0\u00bb column_element_direction_desktop=\u00a0\u00bbdefault\u00a0\u00bb column_element_spacing=\u00a0\u00bbdefault\u00a0\u00bb...","og_url":"https:\/\/aniterra.ch\/fr\/preparation-du-controle\/biodiversite\/","og_site_name":"Aniterra","article_modified_time":"2025-12-30T13:08:56+00:00","twitter_card":"summary_large_image","twitter_misc":{"Dur\u00e9e de lecture estim\u00e9e":"1 minute"},"schema":{"@context":"https:\/\/schema.org","@graph":[{"@type":"WebPage","@id":"https:\/\/aniterra.ch\/fr\/preparation-du-controle\/biodiversite\/","url":"https:\/\/aniterra.ch\/fr\/preparation-du-controle\/biodiversite\/","name":"Paiements directs - Aniterra","isPartOf":{"@id":"https:\/\/aniterra.ch\/fr\/#website"},"datePublished":"2024-05-17T08:22:30+00:00","dateModified":"2025-12-30T13:08:56+00:00","breadcrumb":{"@id":"https:\/\/aniterra.ch\/fr\/preparation-du-controle\/biodiversite\/#breadcrumb"},"inLanguage":"fr-FR","potentialAction":[{"@type":"ReadAction","target":["https:\/\/aniterra.ch\/fr\/preparation-du-controle\/biodiversite\/"]}]},{"@type":"BreadcrumbList","@id":"https:\/\/aniterra.ch\/fr\/preparation-du-controle\/biodiversite\/#breadcrumb","itemListElement":[{"@type":"ListItem","position":1,"name":"Startseite","item":"https:\/\/aniterra.ch\/fr\/aniterra\/"},{"@type":"ListItem","position":2,"name":"Pr\u00e9paration au contr\u00f4le","item":"https:\/\/aniterra.ch\/fr\/preparation-du-controle\/"},{"@type":"ListItem","position":3,"name":"Paiements directs"}]},{"@type":"WebSite","@id":"https:\/\/aniterra.ch\/fr\/#website","url":"https:\/\/aniterra.ch\/fr\/","name":"Aniterra","description":"Landwirtschaftliche Kontrollen auf den Punkt.","publisher":{"@id":"https:\/\/aniterra.ch\/fr\/#organization"},"potentialAction":[{"@type":"SearchAction","target":{"@type":"EntryPoint","urlTemplate":"https:\/\/aniterra.ch\/fr\/?s={search_term_string}"},"query-input":{"@type":"PropertyValueSpecification","valueRequired":true,"valueName":"search_term_string"}}],"inLanguage":"fr-FR"},{"@type":"Organization","@id":"https:\/\/aniterra.ch\/fr\/#organization","name":"Aniterra SA","url":"https:\/\/aniterra.ch\/fr\/","logo":{"@type":"ImageObject","inLanguage":"fr-FR","@id":"https:\/\/aniterra.ch\/fr\/#\/schema\/logo\/image\/","url":"https:\/\/aniterra.ch\/wp-content\/uploads\/logo-aniterra-512.jpg","contentUrl":"https:\/\/aniterra.ch\/wp-content\/uploads\/logo-aniterra-512.jpg","width":512,"height":512,"caption":"Aniterra SA"},"image":{"@id":"https:\/\/aniterra.ch\/fr\/#\/schema\/logo\/image\/"}}]}},"_links":{"self":[{"href":"https:\/\/aniterra.ch\/fr\/wp-json\/wp\/v2\/pages\/520","targetHints":{"allow":["GET"]}}],"collection":[{"href":"https:\/\/aniterra.ch\/fr\/wp-json\/wp\/v2\/pages"}],"about":[{"href":"https:\/\/aniterra.ch\/fr\/wp-json\/wp\/v2\/types\/page"}],"author":[{"embeddable":true,"href":"https:\/\/aniterra.ch\/fr\/wp-json\/wp\/v2\/users\/1"}],"replies":[{"embeddable":true,"href":"https:\/\/aniterra.ch\/fr\/wp-json\/wp\/v2\/comments?post=520"}],"version-history":[{"count":0,"href":"https:\/\/aniterra.ch\/fr\/wp-json\/wp\/v2\/pages\/520\/revisions"}],"up":[{"embeddable":true,"href":"https:\/\/aniterra.ch\/fr\/wp-json\/wp\/v2\/pages\/484"}],"wp:attachment":[{"href":"https:\/\/aniterra.ch\/fr\/wp-json\/wp\/v2\/media?parent=520"}],"curies":[{"name":"wp","href":"https:\/\/api.w.org\/{rel}","templated":true}]}}