{"id":1227,"date":"2024-07-02T14:24:44","date_gmt":"2024-07-02T12:24:44","guid":{"rendered":"https:\/\/aniterra.ch\/documents-denregistrement\/"},"modified":"2025-02-18T10:04:25","modified_gmt":"2025-02-18T09:04:25","slug":"documents-denregistrement","status":"publish","type":"page","link":"https:\/\/aniterra.ch\/fr\/preparation-du-controle\/documents-denregistrement\/","title":{"rendered":"Documents d&rsquo;enregistrement"},"content":{"rendered":"<h1>Documents d&rsquo;enregistrement<\/h1>\n<p><a href=\"https:\/\/aniterra.ch\/documents\/documents-denregistrement-journal-des-sorties.pdf\" target=\"_blank\" rel=\"noopener\">Journal de fin de s\u00e9rie<\/a><br \/>\n<a href=\"https:\/\/aniterra.ch\/documents\/documents-denregistrement-journal-des-visites.pdf\" target=\"_blank\" rel=\"noopener\">Journal des visites<\/a><br \/>\n<a href=\"https:\/\/aniterra.ch\/documents\/documents-denregistrement-circulation-du-fourrage-de-base.pdf\" target=\"_blank\" rel=\"noopener\">Circulation du fourrage de base<\/a><br \/>\n<a href=\"https:\/\/aniterra.ch\/documents\/documents-journal-des-traitements.pdf\" target=\"_blank\" rel=\"noopener\">Journal des traitements<\/a><br \/>\n<a href=\"https:\/\/aniterra.ch\/download\/soemmerung-alpjournal.pdf\" target=\"_blank\" rel=\"noopener\">Journal d&rsquo;alpage<\/a><br \/>\n<a href=\"https:\/\/aniterra.ch\/documents\/documents-inventaire-des-medicaments-veterinaires.pdf\" target=\"_blank\" rel=\"noopener\">Liste d&rsquo;inventaire des m\u00e9dicaments<\/a><br \/>\n<a href=\"https:\/\/aniterra.ch\/download\/aufzeichnung-ackerbau-futterbau-parzellenblatt.pdf\" target=\"_blank\" rel=\"noopener\">Cultures arables\/fourrag\u00e8res Fiche de parcelle<\/a><br \/>\n<a href=\"https:\/\/aniterra.ch\/download\/aufzeichnung-fruchtfolgerapport.pdf\" target=\"_blank\" rel=\"noopener\">Rapport de suivi des cultures<\/a><br \/>\n<a href=\"https:\/\/aniterra.ch\/download\/aufzeichnung-kontrollblatt-d%C3%BCngemitteleinsatz.pdf\" target=\"_blank\" rel=\"noopener\">Fiche de contr\u00f4le de l&rsquo;utilisation d&rsquo;engrais<\/a><br \/>\n<a href=\"https:\/\/aniterra.ch\/download\/aufzeichnung-bestaettigung-raufutter.pdf\">Confirmation de vente de fourrage grossier<\/a><\/p>\n<p><a href=\"https:\/\/aniterra.ch\/download\/Berechnung%20Fl%C3%A4chenbedarf%20Weidebeitrag.xlsx\">Calcul des besoins en surface Contribution au p\u00e2turage<\/a><\/p>\n<p>Nous nous ferons \u00e9galement un plaisir de vous envoyer les documents d&rsquo;enregistrement \u00e0 votre domicile. Les documents peuvent \u00eatre command\u00e9s sur <a href=\"mailto:info@aniterra.ch\">info@aniterra.ch<\/a>. Pour ce faire, veuillez indiquer votre adresse et le formulaire souhait\u00e9.<\/p>\n<p>&nbsp;<\/p>\n","protected":false},"excerpt":{"rendered":"<p>Documents d&rsquo;enregistrement Journal de fin de s\u00e9rie Journal des visites Circulation du fourrage de base Journal des traitements Journal d&rsquo;alpage Liste d&rsquo;inventaire des m\u00e9dicaments Cultures arables\/fourrag\u00e8res Fiche de parcelle Rapport&#8230;<\/p>\n","protected":false},"author":1,"featured_media":0,"parent":484,"menu_order":0,"comment_status":"closed","ping_status":"closed","template":"page-sidebar.php","meta":{"footnotes":""},"class_list":["post-1227","page","type-page","status-publish"],"yoast_head":"<!-- This site is optimized with the Yoast SEO plugin v27.4 - https:\/\/yoast.com\/product\/yoast-seo-wordpress\/ -->\n<title>Documents d&#039;enregistrement - Aniterra<\/title>\n<meta name=\"robots\" content=\"index, follow, max-snippet:-1, max-image-preview:large, max-video-preview:-1\" \/>\n<link rel=\"canonical\" href=\"https:\/\/aniterra.ch\/fr\/preparation-du-controle\/documents-denregistrement\/\" \/>\n<meta property=\"og:locale\" content=\"fr_FR\" \/>\n<meta property=\"og:type\" content=\"article\" \/>\n<meta property=\"og:title\" content=\"Documents d&#039;enregistrement - Aniterra\" \/>\n<meta property=\"og:description\" content=\"Documents d&rsquo;enregistrement Journal de fin de s\u00e9rie Journal des visites Circulation du fourrage de base Journal des traitements Journal d&rsquo;alpage Liste d&rsquo;inventaire des m\u00e9dicaments Cultures arables\/fourrag\u00e8res Fiche de parcelle Rapport...\" \/>\n<meta property=\"og:url\" content=\"https:\/\/aniterra.ch\/fr\/preparation-du-controle\/documents-denregistrement\/\" \/>\n<meta property=\"og:site_name\" content=\"Aniterra\" \/>\n<meta property=\"article:modified_time\" content=\"2025-02-18T09:04:25+00:00\" \/>\n<meta name=\"twitter:card\" content=\"summary_large_image\" \/>\n<script type=\"application\/ld+json\" class=\"yoast-schema-graph\">{\"@context\":\"https:\\\/\\\/schema.org\",\"@graph\":[{\"@type\":\"WebPage\",\"@id\":\"https:\\\/\\\/aniterra.ch\\\/fr\\\/preparation-du-controle\\\/documents-denregistrement\\\/\",\"url\":\"https:\\\/\\\/aniterra.ch\\\/fr\\\/preparation-du-controle\\\/documents-denregistrement\\\/\",\"name\":\"Documents d'enregistrement - Aniterra\",\"isPartOf\":{\"@id\":\"https:\\\/\\\/aniterra.ch\\\/fr\\\/#website\"},\"datePublished\":\"2024-07-02T12:24:44+00:00\",\"dateModified\":\"2025-02-18T09:04:25+00:00\",\"breadcrumb\":{\"@id\":\"https:\\\/\\\/aniterra.ch\\\/fr\\\/preparation-du-controle\\\/documents-denregistrement\\\/#breadcrumb\"},\"inLanguage\":\"fr-FR\",\"potentialAction\":[{\"@type\":\"ReadAction\",\"target\":[\"https:\\\/\\\/aniterra.ch\\\/fr\\\/preparation-du-controle\\\/documents-denregistrement\\\/\"]}]},{\"@type\":\"BreadcrumbList\",\"@id\":\"https:\\\/\\\/aniterra.ch\\\/fr\\\/preparation-du-controle\\\/documents-denregistrement\\\/#breadcrumb\",\"itemListElement\":[{\"@type\":\"ListItem\",\"position\":1,\"name\":\"Startseite\",\"item\":\"https:\\\/\\\/aniterra.ch\\\/fr\\\/aniterra\\\/\"},{\"@type\":\"ListItem\",\"position\":2,\"name\":\"Pr\u00e9paration au contr\u00f4le\",\"item\":\"https:\\\/\\\/aniterra.ch\\\/fr\\\/preparation-du-controle\\\/\"},{\"@type\":\"ListItem\",\"position\":3,\"name\":\"Documents d&rsquo;enregistrement\"}]},{\"@type\":\"WebSite\",\"@id\":\"https:\\\/\\\/aniterra.ch\\\/fr\\\/#website\",\"url\":\"https:\\\/\\\/aniterra.ch\\\/fr\\\/\",\"name\":\"Aniterra\",\"description\":\"Landwirtschaftliche Kontrollen auf den Punkt.\",\"publisher\":{\"@id\":\"https:\\\/\\\/aniterra.ch\\\/fr\\\/#organization\"},\"potentialAction\":[{\"@type\":\"SearchAction\",\"target\":{\"@type\":\"EntryPoint\",\"urlTemplate\":\"https:\\\/\\\/aniterra.ch\\\/fr\\\/?s={search_term_string}\"},\"query-input\":{\"@type\":\"PropertyValueSpecification\",\"valueRequired\":true,\"valueName\":\"search_term_string\"}}],\"inLanguage\":\"fr-FR\"},{\"@type\":\"Organization\",\"@id\":\"https:\\\/\\\/aniterra.ch\\\/fr\\\/#organization\",\"name\":\"Aniterra SA\",\"url\":\"https:\\\/\\\/aniterra.ch\\\/fr\\\/\",\"logo\":{\"@type\":\"ImageObject\",\"inLanguage\":\"fr-FR\",\"@id\":\"https:\\\/\\\/aniterra.ch\\\/fr\\\/#\\\/schema\\\/logo\\\/image\\\/\",\"url\":\"https:\\\/\\\/aniterra.ch\\\/wp-content\\\/uploads\\\/logo-aniterra-512.jpg\",\"contentUrl\":\"https:\\\/\\\/aniterra.ch\\\/wp-content\\\/uploads\\\/logo-aniterra-512.jpg\",\"width\":512,\"height\":512,\"caption\":\"Aniterra SA\"},\"image\":{\"@id\":\"https:\\\/\\\/aniterra.ch\\\/fr\\\/#\\\/schema\\\/logo\\\/image\\\/\"}}]}<\/script>\n<!-- \/ Yoast SEO plugin. -->","yoast_head_json":{"title":"Documents d'enregistrement - Aniterra","robots":{"index":"index","follow":"follow","max-snippet":"max-snippet:-1","max-image-preview":"max-image-preview:large","max-video-preview":"max-video-preview:-1"},"canonical":"https:\/\/aniterra.ch\/fr\/preparation-du-controle\/documents-denregistrement\/","og_locale":"fr_FR","og_type":"article","og_title":"Documents d'enregistrement - Aniterra","og_description":"Documents d&rsquo;enregistrement Journal de fin de s\u00e9rie Journal des visites Circulation du fourrage de base Journal des traitements Journal d&rsquo;alpage Liste d&rsquo;inventaire des m\u00e9dicaments Cultures arables\/fourrag\u00e8res Fiche de parcelle Rapport...","og_url":"https:\/\/aniterra.ch\/fr\/preparation-du-controle\/documents-denregistrement\/","og_site_name":"Aniterra","article_modified_time":"2025-02-18T09:04:25+00:00","twitter_card":"summary_large_image","schema":{"@context":"https:\/\/schema.org","@graph":[{"@type":"WebPage","@id":"https:\/\/aniterra.ch\/fr\/preparation-du-controle\/documents-denregistrement\/","url":"https:\/\/aniterra.ch\/fr\/preparation-du-controle\/documents-denregistrement\/","name":"Documents d'enregistrement - Aniterra","isPartOf":{"@id":"https:\/\/aniterra.ch\/fr\/#website"},"datePublished":"2024-07-02T12:24:44+00:00","dateModified":"2025-02-18T09:04:25+00:00","breadcrumb":{"@id":"https:\/\/aniterra.ch\/fr\/preparation-du-controle\/documents-denregistrement\/#breadcrumb"},"inLanguage":"fr-FR","potentialAction":[{"@type":"ReadAction","target":["https:\/\/aniterra.ch\/fr\/preparation-du-controle\/documents-denregistrement\/"]}]},{"@type":"BreadcrumbList","@id":"https:\/\/aniterra.ch\/fr\/preparation-du-controle\/documents-denregistrement\/#breadcrumb","itemListElement":[{"@type":"ListItem","position":1,"name":"Startseite","item":"https:\/\/aniterra.ch\/fr\/aniterra\/"},{"@type":"ListItem","position":2,"name":"Pr\u00e9paration au contr\u00f4le","item":"https:\/\/aniterra.ch\/fr\/preparation-du-controle\/"},{"@type":"ListItem","position":3,"name":"Documents d&rsquo;enregistrement"}]},{"@type":"WebSite","@id":"https:\/\/aniterra.ch\/fr\/#website","url":"https:\/\/aniterra.ch\/fr\/","name":"Aniterra","description":"Landwirtschaftliche Kontrollen auf den Punkt.","publisher":{"@id":"https:\/\/aniterra.ch\/fr\/#organization"},"potentialAction":[{"@type":"SearchAction","target":{"@type":"EntryPoint","urlTemplate":"https:\/\/aniterra.ch\/fr\/?s={search_term_string}"},"query-input":{"@type":"PropertyValueSpecification","valueRequired":true,"valueName":"search_term_string"}}],"inLanguage":"fr-FR"},{"@type":"Organization","@id":"https:\/\/aniterra.ch\/fr\/#organization","name":"Aniterra SA","url":"https:\/\/aniterra.ch\/fr\/","logo":{"@type":"ImageObject","inLanguage":"fr-FR","@id":"https:\/\/aniterra.ch\/fr\/#\/schema\/logo\/image\/","url":"https:\/\/aniterra.ch\/wp-content\/uploads\/logo-aniterra-512.jpg","contentUrl":"https:\/\/aniterra.ch\/wp-content\/uploads\/logo-aniterra-512.jpg","width":512,"height":512,"caption":"Aniterra SA"},"image":{"@id":"https:\/\/aniterra.ch\/fr\/#\/schema\/logo\/image\/"}}]}},"_links":{"self":[{"href":"https:\/\/aniterra.ch\/fr\/wp-json\/wp\/v2\/pages\/1227","targetHints":{"allow":["GET"]}}],"collection":[{"href":"https:\/\/aniterra.ch\/fr\/wp-json\/wp\/v2\/pages"}],"about":[{"href":"https:\/\/aniterra.ch\/fr\/wp-json\/wp\/v2\/types\/page"}],"author":[{"embeddable":true,"href":"https:\/\/aniterra.ch\/fr\/wp-json\/wp\/v2\/users\/1"}],"replies":[{"embeddable":true,"href":"https:\/\/aniterra.ch\/fr\/wp-json\/wp\/v2\/comments?post=1227"}],"version-history":[{"count":0,"href":"https:\/\/aniterra.ch\/fr\/wp-json\/wp\/v2\/pages\/1227\/revisions"}],"up":[{"embeddable":true,"href":"https:\/\/aniterra.ch\/fr\/wp-json\/wp\/v2\/pages\/484"}],"wp:attachment":[{"href":"https:\/\/aniterra.ch\/fr\/wp-json\/wp\/v2\/media?parent=1227"}],"curies":[{"name":"wp","href":"https:\/\/api.w.org\/{rel}","templated":true}]}}