{"id":1134,"date":"2024-05-27T16:55:09","date_gmt":"2024-05-27T14:55:09","guid":{"rendered":"https:\/\/staging.aniterra.ch\/aniterra-devient-un-nouvel-acteur-du-controle-agricole\/"},"modified":"2024-07-04T09:21:48","modified_gmt":"2024-07-04T07:21:48","slug":"info-client-aniterra","status":"publish","type":"page","link":"https:\/\/aniterra.ch\/fr\/info-client-aniterra\/","title":{"rendered":"Aniterra devient un nouvel acteur du contr\u00f4le agricole"},"content":{"rendered":"[vc_row type=\u00a0\u00bbfull_width_content\u00a0\u00bb full_screen_row_position=\u00a0\u00bbmiddle\u00a0\u00bb column_margin=\u00a0\u00bbdefault\u00a0\u00bb column_direction=\u00a0\u00bbdefault\u00a0\u00bb column_direction_tablet=\u00a0\u00bbdefault\u00a0\u00bb column_direction_phone=\u00a0\u00bbdefault\u00a0\u00bb scene_position=\u00a0\u00bbcenter\u00a0\u00bb bottom_margin=\u00a0\u00bb50&Prime; text_color=\u00a0\u00bbdark\u00a0\u00bb text_align=\u00a0\u00bbleft\u00a0\u00bb row_border_radius=\u00a0\u00bbnone\u00a0\u00bb row_border_radius_applies=\u00a0\u00bbbg\u00a0\u00bb overflow=\u00a0\u00bbvisible\u00a0\u00bb overlay_strength=\u00a0\u00bb0.3&Prime; gradient_direction=\u00a0\u00bbleft_to_right\u00a0\u00bb shape_divider_position=\u00a0\u00bbbottom\u00a0\u00bb bg_image_animation=\u00a0\u00bbnone\u00a0\u00bb gradient_type=\u00a0\u00bbdefault\u00a0\u00bb shape_type=\u00a0\u00bb\u00a0\u00bb][vc_column column_padding=\u00a0\u00bbno-extra-padding\u00a0\u00bb column_padding_tablet=\u00a0\u00bbinherit\u00a0\u00bb column_padding_phone=\u00a0\u00bbinherit\u00a0\u00bb column_padding_position=\u00a0\u00bball\u00a0\u00bb column_element_direction_desktop=\u00a0\u00bbdefault\u00a0\u00bb column_element_spacing=\u00a0\u00bbdefault\u00a0\u00bb desktop_text_alignment=\u00a0\u00bbdefault\u00a0\u00bb tablet_text_alignment=\u00a0\u00bbdefault\u00a0\u00bb phone_text_alignment=\u00a0\u00bbdefault\u00a0\u00bb background_color_opacity=\u00a0\u00bb1&Prime; background_hover_color_opacity=\u00a0\u00bb1&Prime; column_backdrop_filter=\u00a0\u00bbnone\u00a0\u00bb column_shadow=\u00a0\u00bbnone\u00a0\u00bb column_border_radius=\u00a0\u00bbnone\u00a0\u00bb column_link_target=\u00a0\u00bb_self\u00a0\u00bb column_position=\u00a0\u00bbdefault\u00a0\u00bb gradient_direction=\u00a0\u00bbleft_to_right\u00a0\u00bb overlay_strength=\u00a0\u00bb0.3&Prime; width=\u00a0\u00bb1\/1&Prime; tablet_width_inherit=\u00a0\u00bbdefault\u00a0\u00bb animation_type=\u00a0\u00bbdefault\u00a0\u00bb bg_image_animation=\u00a0\u00bbnone\u00a0\u00bb border_type=\u00a0\u00bbsimple\u00a0\u00bb column_border_width=\u00a0\u00bbnone\u00a0\u00bb column_border_style=\u00a0\u00bbsolid\u00a0\u00bb][image_with_animation image_url=\u00a0\u00bb1023&Prime; image_size=\u00a0\u00bbfull\u00a0\u00bb animation_type=\u00a0\u00bbentrance\u00a0\u00bb animation=\u00a0\u00bbNone\u00a0\u00bb animation_movement_type=\u00a0\u00bbtransform_y\u00a0\u00bb hover_animation=\u00a0\u00bbnone\u00a0\u00bb alignment=\u00a0\u00bb\u00a0\u00bb border_radius=\u00a0\u00bbnone\u00a0\u00bb box_shadow=\u00a0\u00bbnone\u00a0\u00bb image_loading=\u00a0\u00bbdefault\u00a0\u00bb max_width=\u00a0\u00bb100%\u00a0\u00bb max_width_mobile=\u00a0\u00bbdefault\u00a0\u00bb][\/vc_column][\/vc_row][vc_row type=\u00a0\u00bbin_container\u00a0\u00bb full_screen_row_position=\u00a0\u00bbmiddle\u00a0\u00bb column_margin=\u00a0\u00bbdefault\u00a0\u00bb column_direction=\u00a0\u00bbdefault\u00a0\u00bb column_direction_tablet=\u00a0\u00bbdefault\u00a0\u00bb column_direction_phone=\u00a0\u00bbdefault\u00a0\u00bb scene_position=\u00a0\u00bbcenter\u00a0\u00bb bottom_padding=\u00a0\u00bb40&Prime; text_color=\u00a0\u00bbdark\u00a0\u00bb text_align=\u00a0\u00bbleft\u00a0\u00bb row_border_radius=\u00a0\u00bbnone\u00a0\u00bb row_border_radius_applies=\u00a0\u00bbbg\u00a0\u00bb overflow=\u00a0\u00bbvisible\u00a0\u00bb overlay_strength=\u00a0\u00bb0.3&Prime; gradient_direction=\u00a0\u00bbleft_to_right\u00a0\u00bb shape_divider_position=\u00a0\u00bbbottom\u00a0\u00bb bg_image_animation=\u00a0\u00bbnone\u00a0\u00bb gradient_type=\u00a0\u00bbdefault\u00a0\u00bb shape_type=\u00a0\u00bb\u00a0\u00bb][vc_column column_padding=\u00a0\u00bbno-extra-padding\u00a0\u00bb column_padding_tablet=\u00a0\u00bbinherit\u00a0\u00bb column_padding_phone=\u00a0\u00bbinherit\u00a0\u00bb column_padding_position=\u00a0\u00bball\u00a0\u00bb column_element_direction_desktop=\u00a0\u00bbdefault\u00a0\u00bb column_element_spacing=\u00a0\u00bbdefault\u00a0\u00bb desktop_text_alignment=\u00a0\u00bbdefault\u00a0\u00bb tablet_text_alignment=\u00a0\u00bbdefault\u00a0\u00bb phone_text_alignment=\u00a0\u00bbdefault\u00a0\u00bb background_color_opacity=\u00a0\u00bb1&Prime; background_hover_color_opacity=\u00a0\u00bb1&Prime; column_backdrop_filter=\u00a0\u00bbnone\u00a0\u00bb column_shadow=\u00a0\u00bbnone\u00a0\u00bb column_border_radius=\u00a0\u00bbnone\u00a0\u00bb column_link_target=\u00a0\u00bb_self\u00a0\u00bb column_position=\u00a0\u00bbdefault\u00a0\u00bb gradient_direction=\u00a0\u00bbleft_to_right\u00a0\u00bb overlay_strength=\u00a0\u00bb0.3&Prime; width=\u00a0\u00bb1\/1&Prime; tablet_width_inherit=\u00a0\u00bbdefault\u00a0\u00bb animation_type=\u00a0\u00bbdefault\u00a0\u00bb bg_image_animation=\u00a0\u00bbnone\u00a0\u00bb border_type=\u00a0\u00bbsimple\u00a0\u00bb column_border_width=\u00a0\u00bbnone\u00a0\u00bb column_border_style=\u00a0\u00bbsolid\u00a0\u00bb][vc_column_text css=\u00a0\u00bb\u00a0\u00bb text_direction=\u00a0\u00bbdefault\u00a0\u00bb]\n<h1>Aniterra devient un nouvel acteur du contr\u00f4le agricole<\/h1>\n<p><strong>Ch\u00e8res collaboratrices, chers collaborateurs <\/strong><\/p>\n<p>Les deux organisations de contr\u00f4le KuL\/Carea et Qualinova SA ont d\u00e9cid\u00e9 \u00e0 l&rsquo;unanimit\u00e9 le 23 mai 2024 \u00e0 Langenthal de fusionner au 1er juin 2024. Avec une part de march\u00e9 d&rsquo;environ 25%, la nouvelle soci\u00e9t\u00e9 Aniterra SA devient un acteur important dans le domaine du contr\u00f4le agricole avec un rayonnement national. Le nom Aniterra est d\u00e9riv\u00e9 de \u00ab\u00a0ani\u00a0\u00bb (animal) pour la production animale et de terra (terre) pour la production v\u00e9g\u00e9tale. Cette nouvelle cr\u00e9ation donne naissance \u00e0 une organisation de contr\u00f4le ind\u00e9pendante et innovante, qui entend donner une nouvelle impulsion en s&rsquo;appuyant sur les comp\u00e9tences des agriculteurs et sur une exigence de qualit\u00e9 \u00e9lev\u00e9e. La pr\u00e9sidente du conseil d&rsquo;administration nouvellement \u00e9lue, Annegret Hebeisen- Christen, est convaincue du potentiel d&rsquo;Aniterra SA : \u00ab\u00a0La comp\u00e9tence et l&rsquo;ind\u00e9pendance des paysans nous donneront la flexibilit\u00e9 et l&rsquo;agilit\u00e9 n\u00e9cessaires pour r\u00e9ussir dans un environnement dynamique. Je consid\u00e8re les changements comme des d\u00e9fis qui nous offrent la possibilit\u00e9 de travailler ensemble, en tant qu&rsquo;\u00e9quipe Aniterra, \u00e0 notre avenir prometteur et d&#8217;emprunter de nouvelles voies\u00a0\u00bb. Outre son si\u00e8ge social \u00e0 Lyssach BE, l&rsquo;entreprise poss\u00e8de un autre bureau \u00e0 Gunzwil LU. Pour l&rsquo;instant, peu de choses changent pour les clients d&rsquo;Aniterra SA. Les concepts de contr\u00f4le existants dans les cantons respectifs restent inchang\u00e9s et les services actuels sont maintenus. En nous regroupant, nous esp\u00e9rons pouvoir d\u00e9fendre nos objectifs d&rsquo;une voix encore plus forte :<\/p>\n<ul>\n<li>Exigences applicables, simples et compr\u00e9hensibles pour les programmes de paiements directs et les programmes de droit priv\u00e9<span class=\"Apple-converted-space\"> <\/span><\/li>\n<li>Lancer des harmonisations et des simplifications dans le domaine des contr\u00f4les (contr\u00f4les uniformes dans plusieurs cantons)<\/li>\n<li>Assurer la comp\u00e9titivit\u00e9 \u00e0 long terme d&rsquo;une organisation de contr\u00f4le cr\u00e9dible, ind\u00e9pendante, paysanne et comp\u00e9tente<span class=\"Apple-converted-space\"> <\/span><\/li>\n<\/ul>\n<p>Cette fusion nous permet d&rsquo;envisager l&rsquo;avenir avec plus de force et d&rsquo;essayer de nous engager encore plus activement pour une mise en \u0153uvre judicieuse des contr\u00f4les dans l&rsquo;agriculture.<\/p>\n<p>Vous avez des questions ou des suggestions ? N&rsquo;h\u00e9sitez pas \u00e0 nous contacter.<br \/>\nNous vous souhaitons le meilleur pour votre maison et votre ferme.<\/p>\n<p>Salutations amicales<br \/>\nAniterra SA<\/p>\n<p>&nbsp;<\/p>\n<h3>Informations sur Aniterra SA<\/h3>\n<p><strong>Conseil d&rsquo;administration<\/strong><br \/>\nAnnegret Hebeisen-Christen (Pr\u00e9sidence)<br \/>\nHanspeter Hunkeler (Vice-pr\u00e9sident)<\/p>\n<p><strong>Direction g\u00e9n\u00e9rale<\/strong><br \/>\nMarcel von Ballmoos-Hofer (Pr\u00e9sidence, secteur Contr\u00f4les)<br \/>\nHelena Joss (domaine de l&rsquo;administration et de l&rsquo;accr\u00e9ditation)<br \/>\nSimone Waser (Secteur Finances)<\/p>\n<p><strong>Contact<\/strong><br \/>\nwww.aniterra.ch, info@aniterra.ch, 058 510 03 30<\/p>\n<p>&nbsp;<\/p>\n<h3>Conseil d&rsquo;administration Aniterra SA<\/h3>\n[\/vc_column_text][image_with_animation image_url=\u00a0\u00bb748&Prime; image_size=\u00a0\u00bbfull\u00a0\u00bb animation_type=\u00a0\u00bbentrance\u00a0\u00bb animation=\u00a0\u00bbNone\u00a0\u00bb animation_movement_type=\u00a0\u00bbtransform_y\u00a0\u00bb hover_animation=\u00a0\u00bbnone\u00a0\u00bb alignment=\u00a0\u00bb\u00a0\u00bb border_radius=\u00a0\u00bbnone\u00a0\u00bb box_shadow=\u00a0\u00bbnone\u00a0\u00bb image_loading=\u00a0\u00bbdefault\u00a0\u00bb max_width=\u00a0\u00bb100%\u00a0\u00bb max_width_mobile=\u00a0\u00bbdefault\u00a0\u00bb][vc_column_text css=\u00a0\u00bb\u00a0\u00bb text_direction=\u00a0\u00bbdefault\u00a0\u00bb]De gauche \u00e0 droite : Marcel von Ballmoos-Hofer (directeur), Bernhard M\u00fcller, Annegret Hebeisen-Christen (pr\u00e9sidente), Hanspeter Hunkeler (vice-pr\u00e9sident), Beatrice Rufer, Andreas Gafner, Raphael Sommer, pas sur la photo : Gerda Jung[\/vc_column_text][\/vc_column][\/vc_row]\n","protected":false},"excerpt":{"rendered":"<p>[vc_row type=\u00a0\u00bbfull_width_content\u00a0\u00bb full_screen_row_position=\u00a0\u00bbmiddle\u00a0\u00bb column_margin=\u00a0\u00bbdefault\u00a0\u00bb column_direction=\u00a0\u00bbdefault\u00a0\u00bb column_direction_tablet=\u00a0\u00bbdefault\u00a0\u00bb column_direction_phone=\u00a0\u00bbdefault\u00a0\u00bb scene_position=\u00a0\u00bbcenter\u00a0\u00bb bottom_margin=\u00a0\u00bb50&Prime; text_color=\u00a0\u00bbdark\u00a0\u00bb text_align=\u00a0\u00bbleft\u00a0\u00bb row_border_radius=\u00a0\u00bbnone\u00a0\u00bb row_border_radius_applies=\u00a0\u00bbbg\u00a0\u00bb overflow=\u00a0\u00bbvisible\u00a0\u00bb overlay_strength=\u00a0\u00bb0.3&Prime; gradient_direction=\u00a0\u00bbleft_to_right\u00a0\u00bb shape_divider_position=\u00a0\u00bbbottom\u00a0\u00bb bg_image_animation=\u00a0\u00bbnone\u00a0\u00bb gradient_type=\u00a0\u00bbdefault\u00a0\u00bb shape_type=\u00a0\u00bb\u00a0\u00bb][vc_column column_padding=\u00a0\u00bbno-extra-padding\u00a0\u00bb column_padding_tablet=\u00a0\u00bbinherit\u00a0\u00bb column_padding_phone=\u00a0\u00bbinherit\u00a0\u00bb column_padding_position=\u00a0\u00bball\u00a0\u00bb column_element_direction_desktop=\u00a0\u00bbdefault\u00a0\u00bb column_element_spacing=\u00a0\u00bbdefault\u00a0\u00bb desktop_text_alignment=\u00a0\u00bbdefault\u00a0\u00bb tablet_text_alignment=\u00a0\u00bbdefault\u00a0\u00bb phone_text_alignment=\u00a0\u00bbdefault\u00a0\u00bb background_color_opacity=\u00a0\u00bb1&Prime;&#8230;<\/p>\n","protected":false},"author":1,"featured_media":0,"parent":0,"menu_order":0,"comment_status":"closed","ping_status":"closed","template":"","meta":{"footnotes":""},"class_list":["post-1134","page","type-page","status-publish"],"yoast_head":"<!-- This site is optimized with the Yoast SEO plugin v27.5 - https:\/\/yoast.com\/product\/yoast-seo-wordpress\/ -->\n<title>Aniterra devient un nouvel acteur du contr\u00f4le agricole - Aniterra<\/title>\n<meta name=\"robots\" content=\"index, follow, max-snippet:-1, max-image-preview:large, max-video-preview:-1\" \/>\n<link rel=\"canonical\" href=\"https:\/\/aniterra.ch\/fr\/info-client-aniterra\/\" \/>\n<meta property=\"og:locale\" content=\"fr_FR\" \/>\n<meta property=\"og:type\" content=\"article\" \/>\n<meta property=\"og:title\" content=\"Aniterra devient un nouvel acteur du contr\u00f4le agricole - Aniterra\" \/>\n<meta property=\"og:description\" content=\"[vc_row type=\u00a0\u00bbfull_width_content\u00a0\u00bb full_screen_row_position=\u00a0\u00bbmiddle\u00a0\u00bb column_margin=\u00a0\u00bbdefault\u00a0\u00bb column_direction=\u00a0\u00bbdefault\u00a0\u00bb column_direction_tablet=\u00a0\u00bbdefault\u00a0\u00bb column_direction_phone=\u00a0\u00bbdefault\u00a0\u00bb scene_position=\u00a0\u00bbcenter\u00a0\u00bb bottom_margin=\u00a0\u00bb50&Prime; text_color=\u00a0\u00bbdark\u00a0\u00bb text_align=\u00a0\u00bbleft\u00a0\u00bb row_border_radius=\u00a0\u00bbnone\u00a0\u00bb row_border_radius_applies=\u00a0\u00bbbg\u00a0\u00bb overflow=\u00a0\u00bbvisible\u00a0\u00bb overlay_strength=\u00a0\u00bb0.3&Prime; gradient_direction=\u00a0\u00bbleft_to_right\u00a0\u00bb shape_divider_position=\u00a0\u00bbbottom\u00a0\u00bb bg_image_animation=\u00a0\u00bbnone\u00a0\u00bb gradient_type=\u00a0\u00bbdefault\u00a0\u00bb shape_type=\u00a0\u00bb\u00a0\u00bb][vc_column column_padding=\u00a0\u00bbno-extra-padding\u00a0\u00bb column_padding_tablet=\u00a0\u00bbinherit\u00a0\u00bb column_padding_phone=\u00a0\u00bbinherit\u00a0\u00bb column_padding_position=\u00a0\u00bball\u00a0\u00bb column_element_direction_desktop=\u00a0\u00bbdefault\u00a0\u00bb column_element_spacing=\u00a0\u00bbdefault\u00a0\u00bb desktop_text_alignment=\u00a0\u00bbdefault\u00a0\u00bb tablet_text_alignment=\u00a0\u00bbdefault\u00a0\u00bb phone_text_alignment=\u00a0\u00bbdefault\u00a0\u00bb background_color_opacity=\u00a0\u00bb1&Prime;...\" \/>\n<meta property=\"og:url\" content=\"https:\/\/aniterra.ch\/fr\/info-client-aniterra\/\" \/>\n<meta property=\"og:site_name\" content=\"Aniterra\" \/>\n<meta property=\"article:modified_time\" content=\"2024-07-04T07:21:48+00:00\" \/>\n<meta name=\"twitter:card\" content=\"summary_large_image\" \/>\n<meta name=\"twitter:label1\" content=\"Dur\u00e9e de lecture estim\u00e9e\" \/>\n\t<meta name=\"twitter:data1\" content=\"4 minutes\" \/>\n<script type=\"application\/ld+json\" class=\"yoast-schema-graph\">{\"@context\":\"https:\\\/\\\/schema.org\",\"@graph\":[{\"@type\":\"WebPage\",\"@id\":\"https:\\\/\\\/aniterra.ch\\\/fr\\\/info-client-aniterra\\\/\",\"url\":\"https:\\\/\\\/aniterra.ch\\\/fr\\\/info-client-aniterra\\\/\",\"name\":\"Aniterra devient un nouvel acteur du contr\u00f4le agricole - Aniterra\",\"isPartOf\":{\"@id\":\"https:\\\/\\\/aniterra.ch\\\/fr\\\/#website\"},\"datePublished\":\"2024-05-27T14:55:09+00:00\",\"dateModified\":\"2024-07-04T07:21:48+00:00\",\"breadcrumb\":{\"@id\":\"https:\\\/\\\/aniterra.ch\\\/fr\\\/info-client-aniterra\\\/#breadcrumb\"},\"inLanguage\":\"fr-FR\",\"potentialAction\":[{\"@type\":\"ReadAction\",\"target\":[\"https:\\\/\\\/aniterra.ch\\\/fr\\\/info-client-aniterra\\\/\"]}]},{\"@type\":\"BreadcrumbList\",\"@id\":\"https:\\\/\\\/aniterra.ch\\\/fr\\\/info-client-aniterra\\\/#breadcrumb\",\"itemListElement\":[{\"@type\":\"ListItem\",\"position\":1,\"name\":\"Startseite\",\"item\":\"https:\\\/\\\/aniterra.ch\\\/fr\\\/aniterra\\\/\"},{\"@type\":\"ListItem\",\"position\":2,\"name\":\"Aniterra devient un nouvel acteur du contr\u00f4le agricole\"}]},{\"@type\":\"WebSite\",\"@id\":\"https:\\\/\\\/aniterra.ch\\\/fr\\\/#website\",\"url\":\"https:\\\/\\\/aniterra.ch\\\/fr\\\/\",\"name\":\"Aniterra\",\"description\":\"Landwirtschaftliche Kontrollen auf den Punkt.\",\"publisher\":{\"@id\":\"https:\\\/\\\/aniterra.ch\\\/fr\\\/#organization\"},\"potentialAction\":[{\"@type\":\"SearchAction\",\"target\":{\"@type\":\"EntryPoint\",\"urlTemplate\":\"https:\\\/\\\/aniterra.ch\\\/fr\\\/?s={search_term_string}\"},\"query-input\":{\"@type\":\"PropertyValueSpecification\",\"valueRequired\":true,\"valueName\":\"search_term_string\"}}],\"inLanguage\":\"fr-FR\"},{\"@type\":\"Organization\",\"@id\":\"https:\\\/\\\/aniterra.ch\\\/fr\\\/#organization\",\"name\":\"Aniterra SA\",\"url\":\"https:\\\/\\\/aniterra.ch\\\/fr\\\/\",\"logo\":{\"@type\":\"ImageObject\",\"inLanguage\":\"fr-FR\",\"@id\":\"https:\\\/\\\/aniterra.ch\\\/fr\\\/#\\\/schema\\\/logo\\\/image\\\/\",\"url\":\"https:\\\/\\\/aniterra.ch\\\/wp-content\\\/uploads\\\/logo-aniterra-512.jpg\",\"contentUrl\":\"https:\\\/\\\/aniterra.ch\\\/wp-content\\\/uploads\\\/logo-aniterra-512.jpg\",\"width\":512,\"height\":512,\"caption\":\"Aniterra SA\"},\"image\":{\"@id\":\"https:\\\/\\\/aniterra.ch\\\/fr\\\/#\\\/schema\\\/logo\\\/image\\\/\"}}]}<\/script>\n<!-- \/ Yoast SEO plugin. -->","yoast_head_json":{"title":"Aniterra devient un nouvel acteur du contr\u00f4le agricole - Aniterra","robots":{"index":"index","follow":"follow","max-snippet":"max-snippet:-1","max-image-preview":"max-image-preview:large","max-video-preview":"max-video-preview:-1"},"canonical":"https:\/\/aniterra.ch\/fr\/info-client-aniterra\/","og_locale":"fr_FR","og_type":"article","og_title":"Aniterra devient un nouvel acteur du contr\u00f4le agricole - Aniterra","og_description":"[vc_row type=\u00a0\u00bbfull_width_content\u00a0\u00bb full_screen_row_position=\u00a0\u00bbmiddle\u00a0\u00bb column_margin=\u00a0\u00bbdefault\u00a0\u00bb column_direction=\u00a0\u00bbdefault\u00a0\u00bb column_direction_tablet=\u00a0\u00bbdefault\u00a0\u00bb column_direction_phone=\u00a0\u00bbdefault\u00a0\u00bb scene_position=\u00a0\u00bbcenter\u00a0\u00bb bottom_margin=\u00a0\u00bb50&Prime; text_color=\u00a0\u00bbdark\u00a0\u00bb text_align=\u00a0\u00bbleft\u00a0\u00bb row_border_radius=\u00a0\u00bbnone\u00a0\u00bb row_border_radius_applies=\u00a0\u00bbbg\u00a0\u00bb overflow=\u00a0\u00bbvisible\u00a0\u00bb overlay_strength=\u00a0\u00bb0.3&Prime; gradient_direction=\u00a0\u00bbleft_to_right\u00a0\u00bb shape_divider_position=\u00a0\u00bbbottom\u00a0\u00bb bg_image_animation=\u00a0\u00bbnone\u00a0\u00bb gradient_type=\u00a0\u00bbdefault\u00a0\u00bb shape_type=\u00a0\u00bb\u00a0\u00bb][vc_column column_padding=\u00a0\u00bbno-extra-padding\u00a0\u00bb column_padding_tablet=\u00a0\u00bbinherit\u00a0\u00bb column_padding_phone=\u00a0\u00bbinherit\u00a0\u00bb column_padding_position=\u00a0\u00bball\u00a0\u00bb column_element_direction_desktop=\u00a0\u00bbdefault\u00a0\u00bb column_element_spacing=\u00a0\u00bbdefault\u00a0\u00bb desktop_text_alignment=\u00a0\u00bbdefault\u00a0\u00bb tablet_text_alignment=\u00a0\u00bbdefault\u00a0\u00bb phone_text_alignment=\u00a0\u00bbdefault\u00a0\u00bb background_color_opacity=\u00a0\u00bb1&Prime;...","og_url":"https:\/\/aniterra.ch\/fr\/info-client-aniterra\/","og_site_name":"Aniterra","article_modified_time":"2024-07-04T07:21:48+00:00","twitter_card":"summary_large_image","twitter_misc":{"Dur\u00e9e de lecture estim\u00e9e":"4 minutes"},"schema":{"@context":"https:\/\/schema.org","@graph":[{"@type":"WebPage","@id":"https:\/\/aniterra.ch\/fr\/info-client-aniterra\/","url":"https:\/\/aniterra.ch\/fr\/info-client-aniterra\/","name":"Aniterra devient un nouvel acteur du contr\u00f4le agricole - Aniterra","isPartOf":{"@id":"https:\/\/aniterra.ch\/fr\/#website"},"datePublished":"2024-05-27T14:55:09+00:00","dateModified":"2024-07-04T07:21:48+00:00","breadcrumb":{"@id":"https:\/\/aniterra.ch\/fr\/info-client-aniterra\/#breadcrumb"},"inLanguage":"fr-FR","potentialAction":[{"@type":"ReadAction","target":["https:\/\/aniterra.ch\/fr\/info-client-aniterra\/"]}]},{"@type":"BreadcrumbList","@id":"https:\/\/aniterra.ch\/fr\/info-client-aniterra\/#breadcrumb","itemListElement":[{"@type":"ListItem","position":1,"name":"Startseite","item":"https:\/\/aniterra.ch\/fr\/aniterra\/"},{"@type":"ListItem","position":2,"name":"Aniterra devient un nouvel acteur du contr\u00f4le agricole"}]},{"@type":"WebSite","@id":"https:\/\/aniterra.ch\/fr\/#website","url":"https:\/\/aniterra.ch\/fr\/","name":"Aniterra","description":"Landwirtschaftliche Kontrollen auf den Punkt.","publisher":{"@id":"https:\/\/aniterra.ch\/fr\/#organization"},"potentialAction":[{"@type":"SearchAction","target":{"@type":"EntryPoint","urlTemplate":"https:\/\/aniterra.ch\/fr\/?s={search_term_string}"},"query-input":{"@type":"PropertyValueSpecification","valueRequired":true,"valueName":"search_term_string"}}],"inLanguage":"fr-FR"},{"@type":"Organization","@id":"https:\/\/aniterra.ch\/fr\/#organization","name":"Aniterra SA","url":"https:\/\/aniterra.ch\/fr\/","logo":{"@type":"ImageObject","inLanguage":"fr-FR","@id":"https:\/\/aniterra.ch\/fr\/#\/schema\/logo\/image\/","url":"https:\/\/aniterra.ch\/wp-content\/uploads\/logo-aniterra-512.jpg","contentUrl":"https:\/\/aniterra.ch\/wp-content\/uploads\/logo-aniterra-512.jpg","width":512,"height":512,"caption":"Aniterra SA"},"image":{"@id":"https:\/\/aniterra.ch\/fr\/#\/schema\/logo\/image\/"}}]}},"_links":{"self":[{"href":"https:\/\/aniterra.ch\/fr\/wp-json\/wp\/v2\/pages\/1134","targetHints":{"allow":["GET"]}}],"collection":[{"href":"https:\/\/aniterra.ch\/fr\/wp-json\/wp\/v2\/pages"}],"about":[{"href":"https:\/\/aniterra.ch\/fr\/wp-json\/wp\/v2\/types\/page"}],"author":[{"embeddable":true,"href":"https:\/\/aniterra.ch\/fr\/wp-json\/wp\/v2\/users\/1"}],"replies":[{"embeddable":true,"href":"https:\/\/aniterra.ch\/fr\/wp-json\/wp\/v2\/comments?post=1134"}],"version-history":[{"count":0,"href":"https:\/\/aniterra.ch\/fr\/wp-json\/wp\/v2\/pages\/1134\/revisions"}],"wp:attachment":[{"href":"https:\/\/aniterra.ch\/fr\/wp-json\/wp\/v2\/media?parent=1134"}],"curies":[{"name":"wp","href":"https:\/\/api.w.org\/{rel}","templated":true}]}}